{"id":130,"date":"2022-05-02T10:31:03","date_gmt":"2022-05-02T13:31:03","guid":{"rendered":"https:\/\/paradis.nb.ca\/book-now\/big-cottage\/"},"modified":"2024-04-25T14:08:27","modified_gmt":"2024-04-25T17:08:27","slug":"big-cottage","status":"publish","type":"page","link":"https:\/\/paradis.nb.ca\/fr\/big-cottage\/","title":{"rendered":"Le gros chalet"},"content":{"rendered":"\n<div class=\"wp-block-columns is-layout-flex wp-container-core-columns-is-layout-9d6595d7 wp-block-columns-is-layout-flex\">\n<div class=\"wp-block-column is-layout-flow wp-block-column-is-layout-flow\">\n<p class=\"has-medium-font-size\">Place pour coucher 64 personnes; cuisine (Four, r\u00e9frig\u00e9rateurs, micro-ondes et plaque chauffante).<\/p>\n\n\n\n<p><em><em><em>Les passes pour la plage sont comprises.<\/em><\/em><\/em><\/p>\n\n\n\n<div class=\"wp-block-columns is-layout-flex wp-container-core-columns-is-layout-9d6595d7 wp-block-columns-is-layout-flex\">\n<div class=\"wp-block-column is-layout-flow wp-block-column-is-layout-flow\" style=\"flex-basis:66.66%\">\n<h3 class=\"wp-block-heading\"><strong><strong>Par jour pour les 25 premi\u00e8res personnes<\/strong><\/strong><\/h3>\n<\/div>\n\n\n\n<div class=\"wp-block-column is-layout-flow wp-block-column-is-layout-flow\" style=\"flex-basis:33.33%\">\n<h3 class=\"wp-block-heading has-black-color has-text-color\"><strong>550 <strong>$<\/strong> +tx<\/strong><\/h3>\n<\/div>\n<\/div>\n\n\n\n<div class=\"wp-block-columns is-layout-flex wp-container-core-columns-is-layout-9d6595d7 wp-block-columns-is-layout-flex\">\n<div class=\"wp-block-column is-layout-flow wp-block-column-is-layout-flow\" style=\"flex-basis:66.66%\">\n<h3 class=\"wp-block-heading\"><strong><strong>Chaque personne additionnelle<\/strong><\/strong><\/h3>\n<\/div>\n\n\n\n<div class=\"wp-block-column is-layout-flow wp-block-column-is-layout-flow\" style=\"flex-basis:33.33%\">\n<h3 class=\"wp-block-heading has-black-color has-text-color\"><strong>8 <strong>$<\/strong> +tx<\/strong><\/h3>\n<\/div>\n<\/div>\n\n\n\n<div class=\"wp-block-buttons is-layout-flex wp-block-buttons-is-layout-flex\">\n<div class=\"wp-block-button aligncenter\"><a class=\"wp-block-button__link wp-element-button\" href=\"tel:5064736683\">      La location des chalets sont uniquement fait par t\u00e9l\u00e9phone seulement.                         1-844-437-6683.<\/a><\/div>\n<\/div>\n\n\n\n<div style=\"height:20px\" aria-hidden=\"true\" class=\"wp-block-spacer\"><\/div>\n\n\n\n<hr class=\"wp-block-separator has-css-opacity\"\/>\n\n\n\n<div style=\"height:13px\" aria-hidden=\"true\" class=\"wp-block-spacer\"><\/div>\n\n\n\n<p><em>* <em><em>Un d\u00e9p\u00f4t de 550$ <strong>non-remboursable<\/strong> est requis<\/em><\/em>.&nbsp; <br><em><em>Votre num\u00e9ro de carte de cr\u00e9dit est n\u00e9cessaire pour faire la r\u00e9servation.<\/em><\/em><\/em><\/p>\n\n\n\n<p>** <em>Un minimum&nbsp; de 2 nuits cons\u00e9cutives durant les weekends du 15 juin au 15 septembre.<\/em><\/p>\n\n\n\n<p>*** <em>Un minimum de 3 jours cons\u00e9cutives durant le long weekend de la F\u00eate du Canada, La F\u00eate du Nouveau-Brunswick et la F\u00eate du Travail<\/em>.<\/p>\n<\/div>\n\n\n\n<div class=\"wp-block-column is-layout-flow wp-block-column-is-layout-flow\">\n<h3 class=\"wp-block-heading has-text-align-center\">It&rsquo;s a great place <br>for all occasions.<\/h3>\n\n\n\n<figure class=\"wp-block-gallery has-nested-images columns-2 is-cropped wp-block-gallery-1 is-layout-flex wp-block-gallery-is-layout-flex\">\n<figure class=\"wp-block-image size-full\"><a href=\"https:\/\/paradis.nb.ca\/wp-content\/uploads\/2024\/04\/IMG_2658-1-rotated.jpg\"><img decoding=\"async\" width=\"240\" height=\"320\" data-id=\"1435\" src=\"https:\/\/paradis.nb.ca\/wp-content\/uploads\/2024\/04\/IMG_2658-1-rotated.jpg\" alt=\"\" class=\"wp-image-1435\" srcset=\"https:\/\/paradis.nb.ca\/wp-content\/uploads\/2024\/04\/IMG_2658-1-rotated.jpg 240w, https:\/\/paradis.nb.ca\/wp-content\/uploads\/2024\/04\/IMG_2658-1-225x300.jpg 225w, https:\/\/paradis.nb.ca\/wp-content\/uploads\/2024\/04\/IMG_2658-1-174x232.jpg 174w\" sizes=\"(max-width: 240px) 100vw, 240px\" \/><\/a><\/figure>\n\n\n\n<figure class=\"wp-block-image size-full\"><a href=\"https:\/\/paradis.nb.ca\/wp-content\/uploads\/2024\/04\/IMG_2648-1.jpg\"><img decoding=\"async\" width=\"320\" height=\"240\" data-id=\"1437\" src=\"https:\/\/paradis.nb.ca\/wp-content\/uploads\/2024\/04\/IMG_2648-1.jpg\" alt=\"\" class=\"wp-image-1437\" srcset=\"https:\/\/paradis.nb.ca\/wp-content\/uploads\/2024\/04\/IMG_2648-1.jpg 320w, https:\/\/paradis.nb.ca\/wp-content\/uploads\/2024\/04\/IMG_2648-1-300x225.jpg 300w, https:\/\/paradis.nb.ca\/wp-content\/uploads\/2024\/04\/IMG_2648-1-174x131.jpg 174w\" sizes=\"(max-width: 320px) 100vw, 320px\" \/><\/a><\/figure>\n<\/figure>\n\n\n\n<figure class=\"wp-block-image size-full\"><a href=\"https:\/\/paradis.nb.ca\/wp-content\/uploads\/2024\/04\/IMG_2647-1.jpg\"><img decoding=\"async\" width=\"320\" height=\"240\" src=\"https:\/\/paradis.nb.ca\/wp-content\/uploads\/2024\/04\/IMG_2647-1.jpg\" alt=\"\" class=\"wp-image-1439\" srcset=\"https:\/\/paradis.nb.ca\/wp-content\/uploads\/2024\/04\/IMG_2647-1.jpg 320w, https:\/\/paradis.nb.ca\/wp-content\/uploads\/2024\/04\/IMG_2647-1-300x225.jpg 300w, https:\/\/paradis.nb.ca\/wp-content\/uploads\/2024\/04\/IMG_2647-1-174x131.jpg 174w\" sizes=\"(max-width: 320px) 100vw, 320px\" \/><\/a><\/figure>\n\n\n\n<figure class=\"wp-block-image size-full\"><img decoding=\"async\" width=\"320\" height=\"240\" src=\"https:\/\/paradis.nb.ca\/wp-content\/uploads\/2024\/04\/IMG_2649-1.jpg\" alt=\"\" class=\"wp-image-1441\" srcset=\"https:\/\/paradis.nb.ca\/wp-content\/uploads\/2024\/04\/IMG_2649-1.jpg 320w, https:\/\/paradis.nb.ca\/wp-content\/uploads\/2024\/04\/IMG_2649-1-300x225.jpg 300w, https:\/\/paradis.nb.ca\/wp-content\/uploads\/2024\/04\/IMG_2649-1-174x131.jpg 174w\" sizes=\"(max-width: 320px) 100vw, 320px\" \/><\/figure>\n\n\n\n<figure class=\"wp-block-image size-full\"><img decoding=\"async\" width=\"320\" height=\"240\" src=\"https:\/\/paradis.nb.ca\/wp-content\/uploads\/2024\/04\/IMG_2654.jpg\" alt=\"\" class=\"wp-image-1444\" srcset=\"https:\/\/paradis.nb.ca\/wp-content\/uploads\/2024\/04\/IMG_2654.jpg 320w, https:\/\/paradis.nb.ca\/wp-content\/uploads\/2024\/04\/IMG_2654-300x225.jpg 300w, https:\/\/paradis.nb.ca\/wp-content\/uploads\/2024\/04\/IMG_2654-174x131.jpg 174w\" sizes=\"(max-width: 320px) 100vw, 320px\" \/><\/figure>\n<\/div>\n<\/div>\n\n\n\n<figure class=\"wp-block-image size-full is-resized\"><img decoding=\"async\" width=\"640\" height=\"480\" src=\"https:\/\/paradis.nb.ca\/wp-content\/uploads\/2024\/04\/IMG_2650-2.jpg\" alt=\"\" class=\"wp-image-1451\" style=\"width:396px;height:auto\" srcset=\"https:\/\/paradis.nb.ca\/wp-content\/uploads\/2024\/04\/IMG_2650-2.jpg 640w, https:\/\/paradis.nb.ca\/wp-content\/uploads\/2024\/04\/IMG_2650-2-300x225.jpg 300w, https:\/\/paradis.nb.ca\/wp-content\/uploads\/2024\/04\/IMG_2650-2-174x131.jpg 174w\" sizes=\"(max-width: 640px) 100vw, 640px\" \/><\/figure>\n","protected":false},"excerpt":{"rendered":"<p>Place pour coucher 64 personnes; cuisine (Four, r\u00e9frig\u00e9rateurs, micro-ondes et plaque chauffante). Les passes pour la plage sont comprises. Par jour pour les 25 premi\u00e8res personnes 550 $ +tx Chaque personne additionnelle 8 $ +tx * Un d\u00e9p\u00f4t de 550$ non-remboursable est requis.&nbsp; Votre num\u00e9ro de carte de cr\u00e9dit est n\u00e9cessaire pour faire la r\u00e9servation. [&hellip;]<\/p>\n","protected":false},"author":2,"featured_media":0,"parent":0,"menu_order":3,"comment_status":"closed","ping_status":"closed","template":"","meta":{"inline_featured_image":false,"footnotes":""},"class_list":["post-130","page","type-page","status-publish","hentry"],"acf":[],"yoast_head":"<!-- This site is optimized with the Yoast SEO plugin v19.3 - https:\/\/yoast.com\/wordpress\/plugins\/seo\/ -->\n<title>Le gros chalet | Paradis de la Petite Montagne | New Brunswick<\/title>\n<meta name=\"description\" content=\"Le Paradis de la P\u2019tite Montagne est l\u2019endroit id\u00e9al pour s\u2019amuser en famille! Profitez d\u2019une raffraichissante baignade et amusez-vous dans nos deux nouvelles glissades d\u2019eau. Les enfants auront du plaisir dans notre nouveau terrain de jeu en forme de b\u00e2teau pirates. Les petits comme les grands trouvent de quoi se divertir dans sa grange d\u2019activit\u00e9s.\" \/>\n<meta name=\"robots\" content=\"index, follow, max-snippet:-1, max-image-preview:large, max-video-preview:-1\" \/>\n<link rel=\"canonical\" href=\"https:\/\/paradis.nb.ca\/fr\/big-cottage\/\" \/>\n<meta property=\"og:locale\" content=\"fr_FR\" \/>\n<meta property=\"og:type\" content=\"article\" \/>\n<meta property=\"og:title\" content=\"Le gros chalet | Paradis de la Petite Montagne | New Brunswick\" \/>\n<meta property=\"og:description\" content=\"Le Paradis de la P\u2019tite Montagne est l\u2019endroit id\u00e9al pour s\u2019amuser en famille! Profitez d\u2019une raffraichissante baignade et amusez-vous dans nos deux nouvelles glissades d\u2019eau. Les enfants auront du plaisir dans notre nouveau terrain de jeu en forme de b\u00e2teau pirates. Les petits comme les grands trouvent de quoi se divertir dans sa grange d\u2019activit\u00e9s.\" \/>\n<meta property=\"og:url\" content=\"https:\/\/paradis.nb.ca\/fr\/big-cottage\/\" \/>\n<meta property=\"og:site_name\" content=\"Paradis de la Petite Montagne | New Brunswick\" \/>\n<meta property=\"article:publisher\" content=\"https:\/\/www.facebook.com\/Paradis-de-la-petite-montagne-101761615877149\/\" \/>\n<meta property=\"article:modified_time\" content=\"2024-04-25T17:08:27+00:00\" \/>\n<meta property=\"og:image\" content=\"https:\/\/paradis.nb.ca\/wp-content\/uploads\/2024\/04\/IMG_2658-1-rotated.jpg\" \/>\n<meta name=\"twitter:card\" content=\"summary_large_image\" \/>\n<meta name=\"twitter:label1\" content=\"Dur\u00e9e de lecture estim\u00e9e\" \/>\n\t<meta name=\"twitter:data1\" content=\"2 minutes\" \/>\n<script type=\"application\/ld+json\" class=\"yoast-schema-graph\">{\"@context\":\"https:\/\/schema.org\",\"@graph\":[{\"@type\":\"Organization\",\"@id\":\"https:\/\/paradis.nb.ca\/#organization\",\"name\":\"Paradis de la Petite Montagne\",\"url\":\"https:\/\/paradis.nb.ca\/\",\"sameAs\":[\"https:\/\/www.instagram.com\/Paradise_Mountain_Camping\/\",\"https:\/\/www.facebook.com\/Paradis-de-la-petite-montagne-101761615877149\/\"],\"logo\":{\"@type\":\"ImageObject\",\"inLanguage\":\"fr-FR\",\"@id\":\"https:\/\/paradis.nb.ca\/#\/schema\/logo\/image\/\",\"url\":\"https:\/\/paradis.nb.ca\/wp-content\/uploads\/2022\/07\/ParadisLogo.png\",\"contentUrl\":\"https:\/\/paradis.nb.ca\/wp-content\/uploads\/2022\/07\/ParadisLogo.png\",\"width\":1024,\"height\":1084,\"caption\":\"Paradis de la Petite Montagne\"},\"image\":{\"@id\":\"https:\/\/paradis.nb.ca\/#\/schema\/logo\/image\/\"}},{\"@type\":\"WebSite\",\"@id\":\"https:\/\/paradis.nb.ca\/#website\",\"url\":\"https:\/\/paradis.nb.ca\/\",\"name\":\"Paradis de la Petite Montagne | New Brunswick\",\"description\":\"Sites de camping invitants et paysages spectaculaires. | Camping sites with amenities and stunning scenery.\",\"publisher\":{\"@id\":\"https:\/\/paradis.nb.ca\/#organization\"},\"potentialAction\":[{\"@type\":\"SearchAction\",\"target\":{\"@type\":\"EntryPoint\",\"urlTemplate\":\"https:\/\/paradis.nb.ca\/?s={search_term_string}\"},\"query-input\":\"required name=search_term_string\"}],\"inLanguage\":\"fr-FR\"},{\"@type\":\"ImageObject\",\"inLanguage\":\"fr-FR\",\"@id\":\"https:\/\/paradis.nb.ca\/fr\/big-cottage\/#primaryimage\",\"url\":\"https:\/\/paradis.nb.ca\/wp-content\/uploads\/2024\/04\/IMG_2658-1-rotated.jpg\",\"contentUrl\":\"https:\/\/paradis.nb.ca\/wp-content\/uploads\/2024\/04\/IMG_2658-1-rotated.jpg\",\"width\":240,\"height\":320},{\"@type\":\"WebPage\",\"@id\":\"https:\/\/paradis.nb.ca\/fr\/big-cottage\/\",\"url\":\"https:\/\/paradis.nb.ca\/fr\/big-cottage\/\",\"name\":\"Le gros chalet | Paradis de la Petite Montagne | New Brunswick\",\"isPartOf\":{\"@id\":\"https:\/\/paradis.nb.ca\/#website\"},\"primaryImageOfPage\":{\"@id\":\"https:\/\/paradis.nb.ca\/fr\/big-cottage\/#primaryimage\"},\"datePublished\":\"2022-05-02T13:31:03+00:00\",\"dateModified\":\"2024-04-25T17:08:27+00:00\",\"description\":\"Le Paradis de la P\u2019tite Montagne est l\u2019endroit id\u00e9al pour s\u2019amuser en famille! Profitez d\u2019une raffraichissante baignade et amusez-vous dans nos deux nouvelles glissades d\u2019eau. Les enfants auront du plaisir dans notre nouveau terrain de jeu en forme de b\u00e2teau pirates. Les petits comme les grands trouvent de quoi se divertir dans sa grange d\u2019activit\u00e9s.\",\"breadcrumb\":{\"@id\":\"https:\/\/paradis.nb.ca\/fr\/big-cottage\/#breadcrumb\"},\"inLanguage\":\"fr-FR\",\"potentialAction\":[{\"@type\":\"ReadAction\",\"target\":[\"https:\/\/paradis.nb.ca\/fr\/big-cottage\/\"]}]},{\"@type\":\"BreadcrumbList\",\"@id\":\"https:\/\/paradis.nb.ca\/fr\/big-cottage\/#breadcrumb\",\"itemListElement\":[{\"@type\":\"ListItem\",\"position\":1,\"name\":\"Home\",\"item\":\"https:\/\/paradis.nb.ca\/fr\/\"},{\"@type\":\"ListItem\",\"position\":2,\"name\":\"Le gros chalet\"}]}]}<\/script>\n<!-- \/ Yoast SEO plugin. -->","yoast_head_json":{"title":"Le gros chalet | Paradis de la Petite Montagne | New Brunswick","description":"Le Paradis de la P\u2019tite Montagne est l\u2019endroit id\u00e9al pour s\u2019amuser en famille! Profitez d\u2019une raffraichissante baignade et amusez-vous dans nos deux nouvelles glissades d\u2019eau. Les enfants auront du plaisir dans notre nouveau terrain de jeu en forme de b\u00e2teau pirates. Les petits comme les grands trouvent de quoi se divertir dans sa grange d\u2019activit\u00e9s.","robots":{"index":"index","follow":"follow","max-snippet":"max-snippet:-1","max-image-preview":"max-image-preview:large","max-video-preview":"max-video-preview:-1"},"canonical":"https:\/\/paradis.nb.ca\/fr\/big-cottage\/","og_locale":"fr_FR","og_type":"article","og_title":"Le gros chalet | Paradis de la Petite Montagne | New Brunswick","og_description":"Le Paradis de la P\u2019tite Montagne est l\u2019endroit id\u00e9al pour s\u2019amuser en famille! Profitez d\u2019une raffraichissante baignade et amusez-vous dans nos deux nouvelles glissades d\u2019eau. Les enfants auront du plaisir dans notre nouveau terrain de jeu en forme de b\u00e2teau pirates. Les petits comme les grands trouvent de quoi se divertir dans sa grange d\u2019activit\u00e9s.","og_url":"https:\/\/paradis.nb.ca\/fr\/big-cottage\/","og_site_name":"Paradis de la Petite Montagne | New Brunswick","article_publisher":"https:\/\/www.facebook.com\/Paradis-de-la-petite-montagne-101761615877149\/","article_modified_time":"2024-04-25T17:08:27+00:00","og_image":[{"url":"https:\/\/paradis.nb.ca\/wp-content\/uploads\/2024\/04\/IMG_2658-1-rotated.jpg"}],"twitter_card":"summary_large_image","twitter_misc":{"Dur\u00e9e de lecture estim\u00e9e":"2 minutes"},"schema":{"@context":"https:\/\/schema.org","@graph":[{"@type":"Organization","@id":"https:\/\/paradis.nb.ca\/#organization","name":"Paradis de la Petite Montagne","url":"https:\/\/paradis.nb.ca\/","sameAs":["https:\/\/www.instagram.com\/Paradise_Mountain_Camping\/","https:\/\/www.facebook.com\/Paradis-de-la-petite-montagne-101761615877149\/"],"logo":{"@type":"ImageObject","inLanguage":"fr-FR","@id":"https:\/\/paradis.nb.ca\/#\/schema\/logo\/image\/","url":"https:\/\/paradis.nb.ca\/wp-content\/uploads\/2022\/07\/ParadisLogo.png","contentUrl":"https:\/\/paradis.nb.ca\/wp-content\/uploads\/2022\/07\/ParadisLogo.png","width":1024,"height":1084,"caption":"Paradis de la Petite Montagne"},"image":{"@id":"https:\/\/paradis.nb.ca\/#\/schema\/logo\/image\/"}},{"@type":"WebSite","@id":"https:\/\/paradis.nb.ca\/#website","url":"https:\/\/paradis.nb.ca\/","name":"Paradis de la Petite Montagne | New Brunswick","description":"Sites de camping invitants et paysages spectaculaires. | Camping sites with amenities and stunning scenery.","publisher":{"@id":"https:\/\/paradis.nb.ca\/#organization"},"potentialAction":[{"@type":"SearchAction","target":{"@type":"EntryPoint","urlTemplate":"https:\/\/paradis.nb.ca\/?s={search_term_string}"},"query-input":"required name=search_term_string"}],"inLanguage":"fr-FR"},{"@type":"ImageObject","inLanguage":"fr-FR","@id":"https:\/\/paradis.nb.ca\/fr\/big-cottage\/#primaryimage","url":"https:\/\/paradis.nb.ca\/wp-content\/uploads\/2024\/04\/IMG_2658-1-rotated.jpg","contentUrl":"https:\/\/paradis.nb.ca\/wp-content\/uploads\/2024\/04\/IMG_2658-1-rotated.jpg","width":240,"height":320},{"@type":"WebPage","@id":"https:\/\/paradis.nb.ca\/fr\/big-cottage\/","url":"https:\/\/paradis.nb.ca\/fr\/big-cottage\/","name":"Le gros chalet | Paradis de la Petite Montagne | New Brunswick","isPartOf":{"@id":"https:\/\/paradis.nb.ca\/#website"},"primaryImageOfPage":{"@id":"https:\/\/paradis.nb.ca\/fr\/big-cottage\/#primaryimage"},"datePublished":"2022-05-02T13:31:03+00:00","dateModified":"2024-04-25T17:08:27+00:00","description":"Le Paradis de la P\u2019tite Montagne est l\u2019endroit id\u00e9al pour s\u2019amuser en famille! Profitez d\u2019une raffraichissante baignade et amusez-vous dans nos deux nouvelles glissades d\u2019eau. Les enfants auront du plaisir dans notre nouveau terrain de jeu en forme de b\u00e2teau pirates. Les petits comme les grands trouvent de quoi se divertir dans sa grange d\u2019activit\u00e9s.","breadcrumb":{"@id":"https:\/\/paradis.nb.ca\/fr\/big-cottage\/#breadcrumb"},"inLanguage":"fr-FR","potentialAction":[{"@type":"ReadAction","target":["https:\/\/paradis.nb.ca\/fr\/big-cottage\/"]}]},{"@type":"BreadcrumbList","@id":"https:\/\/paradis.nb.ca\/fr\/big-cottage\/#breadcrumb","itemListElement":[{"@type":"ListItem","position":1,"name":"Home","item":"https:\/\/paradis.nb.ca\/fr\/"},{"@type":"ListItem","position":2,"name":"Le gros chalet"}]}]}},"_links":{"self":[{"href":"https:\/\/paradis.nb.ca\/fr\/wp-json\/wp\/v2\/pages\/130","targetHints":{"allow":["GET"]}}],"collection":[{"href":"https:\/\/paradis.nb.ca\/fr\/wp-json\/wp\/v2\/pages"}],"about":[{"href":"https:\/\/paradis.nb.ca\/fr\/wp-json\/wp\/v2\/types\/page"}],"author":[{"embeddable":true,"href":"https:\/\/paradis.nb.ca\/fr\/wp-json\/wp\/v2\/users\/2"}],"replies":[{"embeddable":true,"href":"https:\/\/paradis.nb.ca\/fr\/wp-json\/wp\/v2\/comments?post=130"}],"version-history":[{"count":43,"href":"https:\/\/paradis.nb.ca\/fr\/wp-json\/wp\/v2\/pages\/130\/revisions"}],"predecessor-version":[{"id":1453,"href":"https:\/\/paradis.nb.ca\/fr\/wp-json\/wp\/v2\/pages\/130\/revisions\/1453"}],"wp:attachment":[{"href":"https:\/\/paradis.nb.ca\/fr\/wp-json\/wp\/v2\/media?parent=130"}],"curies":[{"name":"wp","href":"https:\/\/api.w.org\/{rel}","templated":true}]}}