{"id":128,"date":"2022-05-02T10:30:46","date_gmt":"2022-05-02T13:30:46","guid":{"rendered":"https:\/\/paradis.nb.ca\/book-now\/cottages\/"},"modified":"2026-03-18T08:48:35","modified_gmt":"2026-03-18T11:48:35","slug":"cottages","status":"publish","type":"page","link":"https:\/\/paradis.nb.ca\/fr\/cottages\/","title":{"rendered":"Chalets De Camping \/Pr\u00eat-\u00e0-camper"},"content":{"rendered":"\n<div class=\"wp-block-columns is-layout-flex wp-container-core-columns-is-layout-9d6595d7 wp-block-columns-is-layout-flex\">\n<div class=\"wp-block-column is-layout-flow wp-block-column-is-layout-flow\">\n<div class=\"wp-block-columns is-layout-flex wp-container-core-columns-is-layout-9d6595d7 wp-block-columns-is-layout-flex\">\n<div class=\"wp-block-column is-layout-flow wp-block-column-is-layout-flow\">\n<p>Tous les chalets-camping sont enti\u00e8rement \u00e9quip\u00e9s avec une salle de bain et une douche.<\/p>\n\n\n\n<p>Un grand r\u00e9frig\u00e9rateur, une cuisini\u00e8re, un four micro-ondes, une cafeti\u00e8re 10 tasses, des casseroles, des chaudrons, des ustensiles, des serviettes, de la literie, un barbecue et du propane sont fournis. Chaque chalet dispose d&rsquo;une air conditionner, d\u2019une table de pique-nique, de 4 chaises et d\u2019un foyer sur place.<\/p>\n\n\n\n<p>** Les animaux ne sont pas permis dans les chalets de camping. **<\/p>\n<\/div>\n<\/div>\n\n\n\n<div class=\"wp-block-columns is-layout-flex wp-container-core-columns-is-layout-9d6595d7 wp-block-columns-is-layout-flex\">\n<div class=\"wp-block-column is-layout-flow wp-block-column-is-layout-flow\" style=\"flex-basis:60%\">\n<h3 class=\"wp-block-heading\" id=\"block-f5cae99a-2407-4073-86d9-1d0708da3ab5\"><strong>2 nuits<\/strong><\/h3>\n\n\n\n<p id=\"block-80811119-abf1-47ab-a8ea-33b87eeb1f12\"><em><em><em><em>Lundi et Mardi, d<\/em>\u00e9part le Mercredi matin) ou (Mercredi et Jeudi, d\u00e9part le Vendredi matin)<\/em><\/em><\/em><\/p>\n<\/div>\n\n\n\n<div class=\"wp-block-column is-layout-flow wp-block-column-is-layout-flow\" style=\"flex-basis:40%\">\n<h3 class=\"wp-block-heading has-black-color has-text-color\" id=\"block-57a79f20-a400-48cd-9a41-c8cd7dd9ac57\"><strong>375 <strong>$<\/strong><\/strong> <strong>+tx<\/strong><\/h3>\n\n\n\n<p><strong>(d\u00e9p\u00f4t non-remboursable de 250 $)<\/strong><\/p>\n<\/div>\n<\/div>\n\n\n\n<div class=\"wp-block-columns is-layout-flex wp-container-core-columns-is-layout-9d6595d7 wp-block-columns-is-layout-flex\">\n<div class=\"wp-block-column is-layout-flow wp-block-column-is-layout-flow\" style=\"flex-basis:60%\">\n<h3 class=\"wp-block-heading\" id=\"block-f5cae99a-2407-4073-86d9-1d0708da3ab5\"><strong>4 nuits<\/strong> <\/h3>\n\n\n\n<p id=\"block-80811119-abf1-47ab-a8ea-33b87eeb1f12\"><em><em><em><em>(Lundi au Jeudi)<\/em>&nbsp;(D\u00e9part le vendredi matin)<\/em><\/em><\/em><\/p>\n<\/div>\n\n\n\n<div class=\"wp-block-column is-layout-flow wp-block-column-is-layout-flow\" style=\"flex-basis:40%\">\n<h3 class=\"wp-block-heading has-black-color has-text-color\" id=\"block-57a79f20-a400-48cd-9a41-c8cd7dd9ac57\"><strong>550 <strong>$<\/strong><\/strong> <strong>+tx<\/strong><\/h3>\n\n\n\n<p><strong>(d\u00e9p\u00f4t non-remboursable de 350 $)<\/strong><\/p>\n<\/div>\n<\/div>\n\n\n\n<div class=\"wp-block-columns is-layout-flex wp-container-core-columns-is-layout-9d6595d7 wp-block-columns-is-layout-flex\">\n<div class=\"wp-block-column is-layout-flow wp-block-column-is-layout-flow\" style=\"flex-basis:60%\">\n<h3 class=\"wp-block-heading\" id=\"block-6bb27e39-e5b2-4634-a208-ec3289e0295e\"><strong>Une fin de semaine<\/strong><\/h3>\n\n\n\n<p id=\"block-7ccbdd67-cb1e-41c9-9a3a-753b59eb8874\"><em>(Vendredi,Samedi et Dimanche)<\/em><br>(<em>D\u00e9part le Lundi matin<\/em>)<\/p>\n<\/div>\n\n\n\n<div class=\"wp-block-column is-layout-flow wp-block-column-is-layout-flow\" style=\"flex-basis:40%\">\n<h3 class=\"wp-block-heading has-black-color has-text-color\" id=\"block-2b41092f-9192-4dae-ba48-bd4816d62337\"><strong>525 <strong>$<\/strong><\/strong> <strong>+tx<\/strong><\/h3>\n\n\n\n<p><strong>(d\u00e9p\u00f4t non-remboursable de 350 $)<\/strong><\/p>\n<\/div>\n<\/div>\n\n\n\n<div class=\"wp-block-columns is-layout-flex wp-container-core-columns-is-layout-9d6595d7 wp-block-columns-is-layout-flex\">\n<div class=\"wp-block-column is-layout-flow wp-block-column-is-layout-flow\" style=\"flex-basis:60%\">\n<h3 class=\"wp-block-heading\" id=\"block-830e9d89-0f35-4e47-98a5-ee196a95f000\"><strong><strong><strong>Une semaine<\/strong><\/strong><\/strong><\/h3>\n\n\n\n<p id=\"block-d39c6679-2a11-47a1-a2e1-4f50743355cd\"><em>(Lundi au Dimanche)<\/em> <em>D\u00e9part le Lundi matin<\/em><\/p>\n<\/div>\n\n\n\n<div class=\"wp-block-column is-layout-flow wp-block-column-is-layout-flow\" style=\"flex-basis:40%\">\n<h3 class=\"wp-block-heading has-black-color has-text-color\" id=\"block-716bc620-8023-4eb7-bb80-fb3265ed5535\"><strong>895 <strong>$<\/strong><\/strong> <strong>+tx<\/strong><\/h3>\n\n\n\n<p><strong>(d\u00e9p\u00f4t non-remboursable de 500 $)<\/strong><\/p>\n<\/div>\n<\/div>\n\n\n\n<div class=\"wp-block-buttons is-layout-flex wp-block-buttons-is-layout-flex\">\n<div class=\"wp-block-button aligncenter\"><a class=\"wp-block-button__link wp-element-button\" href=\"tel:1-844-437-6683\">La location des chalets sont uniquement* fait par t\u00e9l\u00e9phone 1-844-437-6683.<\/a><\/div>\n<\/div>\n\n\n\n<div style=\"height:20px\" aria-hidden=\"true\" class=\"wp-block-spacer\"><\/div>\n\n\n\n<hr class=\"wp-block-separator has-alpha-channel-opacity\" id=\"block-023b5719-933c-4a01-a24f-2c0f62adac97\"\/>\n\n\n\n<div style=\"height:13px\" aria-hidden=\"true\" class=\"wp-block-spacer\"><\/div>\n\n\n\n<p><em>* Votre num\u00e9ro de carte de cr\u00e9dit est n\u00e9cessaire pour faire la r\u00e9servation.<\/em><\/p>\n<\/div>\n\n\n\n<div class=\"wp-block-column is-layout-flow wp-block-column-is-layout-flow\">\n<h3 class=\"wp-block-heading has-text-align-center\"><strong>R\u00e9servez t\u00f4t, car ils se louent tr\u00e8s rapidement!<\/strong><\/h3>\n\n\n\n<figure class=\"wp-block-image size-large\"><a href=\"https:\/\/paradis.nb.ca\/wp-content\/uploads\/2022\/07\/IMG_1637.jpg\"><img decoding=\"async\" width=\"640\" height=\"480\" src=\"https:\/\/paradis.nb.ca\/wp-content\/uploads\/2022\/07\/IMG_1637.jpg\" alt=\"\" class=\"wp-image-1104\" srcset=\"https:\/\/paradis.nb.ca\/wp-content\/uploads\/2022\/07\/IMG_1637.jpg 640w, https:\/\/paradis.nb.ca\/wp-content\/uploads\/2022\/07\/IMG_1637-300x225.jpg 300w, https:\/\/paradis.nb.ca\/wp-content\/uploads\/2022\/07\/IMG_1637-174x131.jpg 174w\" sizes=\"(max-width: 640px) 100vw, 640px\" \/><\/a><\/figure>\n\n\n\n<figure class=\"wp-block-gallery has-nested-images columns-default is-cropped wp-block-gallery-1 is-layout-flex wp-block-gallery-is-layout-flex\">\n<figure class=\"wp-block-image size-large\"><a href=\"https:\/\/paradis.nb.ca\/wp-content\/uploads\/2022\/07\/IMG_1621-rotated.jpg\"><img decoding=\"async\" width=\"480\" height=\"640\" data-id=\"1096\" src=\"https:\/\/paradis.nb.ca\/wp-content\/uploads\/2022\/07\/IMG_1621-rotated.jpg\" alt=\"\" class=\"wp-image-1096\" srcset=\"https:\/\/paradis.nb.ca\/wp-content\/uploads\/2022\/07\/IMG_1621-rotated.jpg 480w, https:\/\/paradis.nb.ca\/wp-content\/uploads\/2022\/07\/IMG_1621-225x300.jpg 225w, https:\/\/paradis.nb.ca\/wp-content\/uploads\/2022\/07\/IMG_1621-174x232.jpg 174w\" sizes=\"(max-width: 480px) 100vw, 480px\" \/><\/a><\/figure>\n\n\n\n<figure class=\"wp-block-image size-large\"><a href=\"https:\/\/paradis.nb.ca\/wp-content\/uploads\/2022\/07\/IMG_1632-rotated.jpg\"><img decoding=\"async\" width=\"480\" height=\"640\" data-id=\"1102\" src=\"https:\/\/paradis.nb.ca\/wp-content\/uploads\/2022\/07\/IMG_1632-rotated.jpg\" alt=\"\" class=\"wp-image-1102\" srcset=\"https:\/\/paradis.nb.ca\/wp-content\/uploads\/2022\/07\/IMG_1632-rotated.jpg 480w, https:\/\/paradis.nb.ca\/wp-content\/uploads\/2022\/07\/IMG_1632-225x300.jpg 225w, https:\/\/paradis.nb.ca\/wp-content\/uploads\/2022\/07\/IMG_1632-174x232.jpg 174w\" sizes=\"(max-width: 480px) 100vw, 480px\" \/><\/a><\/figure>\n\n\n\n<figure class=\"wp-block-image size-large\"><a href=\"https:\/\/paradis.nb.ca\/wp-content\/uploads\/2022\/07\/IMG_1624-rotated.jpg\"><img decoding=\"async\" width=\"480\" height=\"640\" data-id=\"1100\" src=\"https:\/\/paradis.nb.ca\/wp-content\/uploads\/2022\/07\/IMG_1624-rotated.jpg\" alt=\"\" class=\"wp-image-1100\" srcset=\"https:\/\/paradis.nb.ca\/wp-content\/uploads\/2022\/07\/IMG_1624-rotated.jpg 480w, https:\/\/paradis.nb.ca\/wp-content\/uploads\/2022\/07\/IMG_1624-225x300.jpg 225w, https:\/\/paradis.nb.ca\/wp-content\/uploads\/2022\/07\/IMG_1624-174x232.jpg 174w\" sizes=\"(max-width: 480px) 100vw, 480px\" \/><\/a><\/figure>\n<\/figure>\n\n\n\n<figure class=\"wp-block-image size-full is-resized\"><img decoding=\"async\" width=\"480\" height=\"640\" src=\"https:\/\/paradis.nb.ca\/wp-content\/uploads\/2024\/04\/IMG_1623-1-rotated.jpg\" alt=\"\" class=\"wp-image-1458\" style=\"width:124px;height:auto\" srcset=\"https:\/\/paradis.nb.ca\/wp-content\/uploads\/2024\/04\/IMG_1623-1-rotated.jpg 480w, https:\/\/paradis.nb.ca\/wp-content\/uploads\/2024\/04\/IMG_1623-1-225x300.jpg 225w, https:\/\/paradis.nb.ca\/wp-content\/uploads\/2024\/04\/IMG_1623-1-174x232.jpg 174w\" sizes=\"(max-width: 480px) 100vw, 480px\" \/><\/figure>\n<\/div>\n<\/div>\n","protected":false},"excerpt":{"rendered":"<p>Tous les chalets-camping sont enti\u00e8rement \u00e9quip\u00e9s avec une salle de bain et une douche. Un grand r\u00e9frig\u00e9rateur, une cuisini\u00e8re, un four micro-ondes, une cafeti\u00e8re 10 tasses, des casseroles, des chaudrons, des ustensiles, des serviettes, de la literie, un barbecue et du propane sont fournis. Chaque chalet dispose d&rsquo;une air conditionner, d\u2019une table de pique-nique, de [&hellip;]<\/p>\n","protected":false},"author":2,"featured_media":0,"parent":0,"menu_order":2,"comment_status":"closed","ping_status":"closed","template":"","meta":{"inline_featured_image":false,"footnotes":""},"class_list":["post-128","page","type-page","status-publish","hentry"],"acf":[],"yoast_head":"<!-- This site is optimized with the Yoast SEO plugin v19.3 - https:\/\/yoast.com\/wordpress\/plugins\/seo\/ -->\n<title>Chalets De Camping \/Pr\u00eat-\u00e0-camper | Paradis de la Petite Montagne | New Brunswick<\/title>\n<meta name=\"description\" content=\"Le Paradis de la P\u2019tite Montagne est l\u2019endroit id\u00e9al pour s\u2019amuser en famille! Profitez d\u2019une raffraichissante baignade et amusez-vous dans nos deux nouvelles glissades d\u2019eau. Les enfants auront du plaisir dans notre nouveau terrain de jeu en forme de b\u00e2teau pirates. Les petits comme les grands trouvent de quoi se divertir dans sa grange d\u2019activit\u00e9s.\" \/>\n<meta name=\"robots\" content=\"index, follow, max-snippet:-1, max-image-preview:large, max-video-preview:-1\" \/>\n<link rel=\"canonical\" href=\"https:\/\/paradis.nb.ca\/fr\/cottages\/\" \/>\n<meta property=\"og:locale\" content=\"fr_FR\" \/>\n<meta property=\"og:type\" content=\"article\" \/>\n<meta property=\"og:title\" content=\"Chalets De Camping \/Pr\u00eat-\u00e0-camper | Paradis de la Petite Montagne | New Brunswick\" \/>\n<meta property=\"og:description\" content=\"Le Paradis de la P\u2019tite Montagne est l\u2019endroit id\u00e9al pour s\u2019amuser en famille! Profitez d\u2019une raffraichissante baignade et amusez-vous dans nos deux nouvelles glissades d\u2019eau. Les enfants auront du plaisir dans notre nouveau terrain de jeu en forme de b\u00e2teau pirates. Les petits comme les grands trouvent de quoi se divertir dans sa grange d\u2019activit\u00e9s.\" \/>\n<meta property=\"og:url\" content=\"https:\/\/paradis.nb.ca\/fr\/cottages\/\" \/>\n<meta property=\"og:site_name\" content=\"Paradis de la Petite Montagne | New Brunswick\" \/>\n<meta property=\"article:publisher\" content=\"https:\/\/www.facebook.com\/Paradis-de-la-petite-montagne-101761615877149\/\" \/>\n<meta property=\"article:modified_time\" content=\"2026-03-18T11:48:35+00:00\" \/>\n<meta property=\"og:image\" content=\"https:\/\/paradis.nb.ca\/wp-content\/uploads\/2022\/07\/IMG_1637.jpg\" \/>\n<meta name=\"twitter:card\" content=\"summary_large_image\" \/>\n<meta name=\"twitter:label1\" content=\"Dur\u00e9e de lecture estim\u00e9e\" \/>\n\t<meta name=\"twitter:data1\" content=\"2 minutes\" \/>\n<script type=\"application\/ld+json\" class=\"yoast-schema-graph\">{\"@context\":\"https:\/\/schema.org\",\"@graph\":[{\"@type\":\"Organization\",\"@id\":\"https:\/\/paradis.nb.ca\/#organization\",\"name\":\"Paradis de la Petite Montagne\",\"url\":\"https:\/\/paradis.nb.ca\/\",\"sameAs\":[\"https:\/\/www.instagram.com\/Paradise_Mountain_Camping\/\",\"https:\/\/www.facebook.com\/Paradis-de-la-petite-montagne-101761615877149\/\"],\"logo\":{\"@type\":\"ImageObject\",\"inLanguage\":\"fr-FR\",\"@id\":\"https:\/\/paradis.nb.ca\/#\/schema\/logo\/image\/\",\"url\":\"https:\/\/paradis.nb.ca\/wp-content\/uploads\/2022\/07\/ParadisLogo.png\",\"contentUrl\":\"https:\/\/paradis.nb.ca\/wp-content\/uploads\/2022\/07\/ParadisLogo.png\",\"width\":1024,\"height\":1084,\"caption\":\"Paradis de la Petite Montagne\"},\"image\":{\"@id\":\"https:\/\/paradis.nb.ca\/#\/schema\/logo\/image\/\"}},{\"@type\":\"WebSite\",\"@id\":\"https:\/\/paradis.nb.ca\/#website\",\"url\":\"https:\/\/paradis.nb.ca\/\",\"name\":\"Paradis de la Petite Montagne | New Brunswick\",\"description\":\"Sites de camping invitants et paysages spectaculaires. | Camping sites with amenities and stunning scenery.\",\"publisher\":{\"@id\":\"https:\/\/paradis.nb.ca\/#organization\"},\"potentialAction\":[{\"@type\":\"SearchAction\",\"target\":{\"@type\":\"EntryPoint\",\"urlTemplate\":\"https:\/\/paradis.nb.ca\/?s={search_term_string}\"},\"query-input\":\"required name=search_term_string\"}],\"inLanguage\":\"fr-FR\"},{\"@type\":\"ImageObject\",\"inLanguage\":\"fr-FR\",\"@id\":\"https:\/\/paradis.nb.ca\/fr\/cottages\/#primaryimage\",\"url\":\"https:\/\/paradis.nb.ca\/wp-content\/uploads\/2022\/07\/IMG_1637.jpg\",\"contentUrl\":\"https:\/\/paradis.nb.ca\/wp-content\/uploads\/2022\/07\/IMG_1637.jpg\",\"width\":640,\"height\":480},{\"@type\":\"WebPage\",\"@id\":\"https:\/\/paradis.nb.ca\/fr\/cottages\/\",\"url\":\"https:\/\/paradis.nb.ca\/fr\/cottages\/\",\"name\":\"Chalets De Camping \/Pr\u00eat-\u00e0-camper | Paradis de la Petite Montagne | New Brunswick\",\"isPartOf\":{\"@id\":\"https:\/\/paradis.nb.ca\/#website\"},\"primaryImageOfPage\":{\"@id\":\"https:\/\/paradis.nb.ca\/fr\/cottages\/#primaryimage\"},\"datePublished\":\"2022-05-02T13:30:46+00:00\",\"dateModified\":\"2026-03-18T11:48:35+00:00\",\"description\":\"Le Paradis de la P\u2019tite Montagne est l\u2019endroit id\u00e9al pour s\u2019amuser en famille! Profitez d\u2019une raffraichissante baignade et amusez-vous dans nos deux nouvelles glissades d\u2019eau. Les enfants auront du plaisir dans notre nouveau terrain de jeu en forme de b\u00e2teau pirates. Les petits comme les grands trouvent de quoi se divertir dans sa grange d\u2019activit\u00e9s.\",\"breadcrumb\":{\"@id\":\"https:\/\/paradis.nb.ca\/fr\/cottages\/#breadcrumb\"},\"inLanguage\":\"fr-FR\",\"potentialAction\":[{\"@type\":\"ReadAction\",\"target\":[\"https:\/\/paradis.nb.ca\/fr\/cottages\/\"]}]},{\"@type\":\"BreadcrumbList\",\"@id\":\"https:\/\/paradis.nb.ca\/fr\/cottages\/#breadcrumb\",\"itemListElement\":[{\"@type\":\"ListItem\",\"position\":1,\"name\":\"Home\",\"item\":\"https:\/\/paradis.nb.ca\/fr\/\"},{\"@type\":\"ListItem\",\"position\":2,\"name\":\"Chalets De Camping \/Pr\u00eat-\u00e0-camper\"}]}]}<\/script>\n<!-- \/ Yoast SEO plugin. -->","yoast_head_json":{"title":"Chalets De Camping \/Pr\u00eat-\u00e0-camper | Paradis de la Petite Montagne | New Brunswick","description":"Le Paradis de la P\u2019tite Montagne est l\u2019endroit id\u00e9al pour s\u2019amuser en famille! Profitez d\u2019une raffraichissante baignade et amusez-vous dans nos deux nouvelles glissades d\u2019eau. Les enfants auront du plaisir dans notre nouveau terrain de jeu en forme de b\u00e2teau pirates. Les petits comme les grands trouvent de quoi se divertir dans sa grange d\u2019activit\u00e9s.","robots":{"index":"index","follow":"follow","max-snippet":"max-snippet:-1","max-image-preview":"max-image-preview:large","max-video-preview":"max-video-preview:-1"},"canonical":"https:\/\/paradis.nb.ca\/fr\/cottages\/","og_locale":"fr_FR","og_type":"article","og_title":"Chalets De Camping \/Pr\u00eat-\u00e0-camper | Paradis de la Petite Montagne | New Brunswick","og_description":"Le Paradis de la P\u2019tite Montagne est l\u2019endroit id\u00e9al pour s\u2019amuser en famille! Profitez d\u2019une raffraichissante baignade et amusez-vous dans nos deux nouvelles glissades d\u2019eau. Les enfants auront du plaisir dans notre nouveau terrain de jeu en forme de b\u00e2teau pirates. Les petits comme les grands trouvent de quoi se divertir dans sa grange d\u2019activit\u00e9s.","og_url":"https:\/\/paradis.nb.ca\/fr\/cottages\/","og_site_name":"Paradis de la Petite Montagne | New Brunswick","article_publisher":"https:\/\/www.facebook.com\/Paradis-de-la-petite-montagne-101761615877149\/","article_modified_time":"2026-03-18T11:48:35+00:00","og_image":[{"url":"https:\/\/paradis.nb.ca\/wp-content\/uploads\/2022\/07\/IMG_1637.jpg"}],"twitter_card":"summary_large_image","twitter_misc":{"Dur\u00e9e de lecture estim\u00e9e":"2 minutes"},"schema":{"@context":"https:\/\/schema.org","@graph":[{"@type":"Organization","@id":"https:\/\/paradis.nb.ca\/#organization","name":"Paradis de la Petite Montagne","url":"https:\/\/paradis.nb.ca\/","sameAs":["https:\/\/www.instagram.com\/Paradise_Mountain_Camping\/","https:\/\/www.facebook.com\/Paradis-de-la-petite-montagne-101761615877149\/"],"logo":{"@type":"ImageObject","inLanguage":"fr-FR","@id":"https:\/\/paradis.nb.ca\/#\/schema\/logo\/image\/","url":"https:\/\/paradis.nb.ca\/wp-content\/uploads\/2022\/07\/ParadisLogo.png","contentUrl":"https:\/\/paradis.nb.ca\/wp-content\/uploads\/2022\/07\/ParadisLogo.png","width":1024,"height":1084,"caption":"Paradis de la Petite Montagne"},"image":{"@id":"https:\/\/paradis.nb.ca\/#\/schema\/logo\/image\/"}},{"@type":"WebSite","@id":"https:\/\/paradis.nb.ca\/#website","url":"https:\/\/paradis.nb.ca\/","name":"Paradis de la Petite Montagne | New Brunswick","description":"Sites de camping invitants et paysages spectaculaires. | Camping sites with amenities and stunning scenery.","publisher":{"@id":"https:\/\/paradis.nb.ca\/#organization"},"potentialAction":[{"@type":"SearchAction","target":{"@type":"EntryPoint","urlTemplate":"https:\/\/paradis.nb.ca\/?s={search_term_string}"},"query-input":"required name=search_term_string"}],"inLanguage":"fr-FR"},{"@type":"ImageObject","inLanguage":"fr-FR","@id":"https:\/\/paradis.nb.ca\/fr\/cottages\/#primaryimage","url":"https:\/\/paradis.nb.ca\/wp-content\/uploads\/2022\/07\/IMG_1637.jpg","contentUrl":"https:\/\/paradis.nb.ca\/wp-content\/uploads\/2022\/07\/IMG_1637.jpg","width":640,"height":480},{"@type":"WebPage","@id":"https:\/\/paradis.nb.ca\/fr\/cottages\/","url":"https:\/\/paradis.nb.ca\/fr\/cottages\/","name":"Chalets De Camping \/Pr\u00eat-\u00e0-camper | Paradis de la Petite Montagne | New Brunswick","isPartOf":{"@id":"https:\/\/paradis.nb.ca\/#website"},"primaryImageOfPage":{"@id":"https:\/\/paradis.nb.ca\/fr\/cottages\/#primaryimage"},"datePublished":"2022-05-02T13:30:46+00:00","dateModified":"2026-03-18T11:48:35+00:00","description":"Le Paradis de la P\u2019tite Montagne est l\u2019endroit id\u00e9al pour s\u2019amuser en famille! Profitez d\u2019une raffraichissante baignade et amusez-vous dans nos deux nouvelles glissades d\u2019eau. Les enfants auront du plaisir dans notre nouveau terrain de jeu en forme de b\u00e2teau pirates. Les petits comme les grands trouvent de quoi se divertir dans sa grange d\u2019activit\u00e9s.","breadcrumb":{"@id":"https:\/\/paradis.nb.ca\/fr\/cottages\/#breadcrumb"},"inLanguage":"fr-FR","potentialAction":[{"@type":"ReadAction","target":["https:\/\/paradis.nb.ca\/fr\/cottages\/"]}]},{"@type":"BreadcrumbList","@id":"https:\/\/paradis.nb.ca\/fr\/cottages\/#breadcrumb","itemListElement":[{"@type":"ListItem","position":1,"name":"Home","item":"https:\/\/paradis.nb.ca\/fr\/"},{"@type":"ListItem","position":2,"name":"Chalets De Camping \/Pr\u00eat-\u00e0-camper"}]}]}},"_links":{"self":[{"href":"https:\/\/paradis.nb.ca\/fr\/wp-json\/wp\/v2\/pages\/128","targetHints":{"allow":["GET"]}}],"collection":[{"href":"https:\/\/paradis.nb.ca\/fr\/wp-json\/wp\/v2\/pages"}],"about":[{"href":"https:\/\/paradis.nb.ca\/fr\/wp-json\/wp\/v2\/types\/page"}],"author":[{"embeddable":true,"href":"https:\/\/paradis.nb.ca\/fr\/wp-json\/wp\/v2\/users\/2"}],"replies":[{"embeddable":true,"href":"https:\/\/paradis.nb.ca\/fr\/wp-json\/wp\/v2\/comments?post=128"}],"version-history":[{"count":93,"href":"https:\/\/paradis.nb.ca\/fr\/wp-json\/wp\/v2\/pages\/128\/revisions"}],"predecessor-version":[{"id":1865,"href":"https:\/\/paradis.nb.ca\/fr\/wp-json\/wp\/v2\/pages\/128\/revisions\/1865"}],"wp:attachment":[{"href":"https:\/\/paradis.nb.ca\/fr\/wp-json\/wp\/v2\/media?parent=128"}],"curies":[{"name":"wp","href":"https:\/\/api.w.org\/{rel}","templated":true}]}}