{"id":124,"date":"2022-05-02T10:30:13","date_gmt":"2022-05-02T13:30:13","guid":{"rendered":"https:\/\/paradis.nb.ca\/book-now\/camping\/"},"modified":"2026-02-04T17:14:46","modified_gmt":"2026-02-04T20:14:46","slug":"camping","status":"publish","type":"page","link":"https:\/\/paradis.nb.ca\/fr\/camping\/","title":{"rendered":"Camping"},"content":{"rendered":"\n<p class=\"has-large-font-size\"><\/p>\n\n\n\n<div class=\"wp-block-columns is-layout-flex wp-container-core-columns-is-layout-9d6595d7 wp-block-columns-is-layout-flex\">\n<div class=\"wp-block-column is-layout-flow wp-block-column-is-layout-flow\">\n<p class=\"has-red-color has-text-color has-link-color wp-elements-1b77e266a611db1258cf5fca456003f8\"><em><em>Les passes pour la plage sont comprises.<\/em><\/em><br><em><em>Maximum de 4 personnes par <\/em>terrains.<\/em><\/p>\n\n\n\n<h2 class=\"wp-block-heading has-x-large-font-size\">TARIFS<\/h2>\n\n\n\n<p><strong>SAISON- BASSE<\/strong> &#8211; <em><strong>15 mai au 17 juin et du 2 au 13 septembre.<\/strong> <strong>(plage et cantine ferm\u00e9e)<\/strong><\/em>.<\/p>\n\n\n\n<p><strong>SAISON- HAUTE-<\/strong> &#8211; <strong><em>18 juin au 1er septembre.<\/em><\/strong><\/p>\n\n\n\n<div class=\"wp-block-columns are-vertically-aligned-center is-layout-flex wp-container-core-columns-is-layout-9d6595d7 wp-block-columns-is-layout-flex\">\n<div class=\"wp-block-column is-vertically-aligned-center is-layout-flow wp-block-column-is-layout-flow\">\n<h4 class=\"wp-block-heading\"><strong><strong>Terrain sans services<\/strong><\/strong><\/h4>\n<\/div>\n\n\n\n<div class=\"wp-block-column is-vertically-aligned-center is-layout-flow wp-block-column-is-layout-flow\">\n<h5 class=\"wp-block-heading has-black-color has-text-color has-link-color wp-elements-8a4a8d97a488203b6f28c5ad7d738f90\" style=\"text-transform:uppercase\">basse saison &#8211; <strong>$35.00<\/strong><\/h5>\n<\/div>\n\n\n\n<div class=\"wp-block-column is-vertically-aligned-center is-layout-flow wp-block-column-is-layout-flow\">\n<h5 class=\"wp-block-heading has-black-color has-text-color has-link-color wp-elements-5e535b07b70b1432b687c7fad002615f\" style=\"text-transform:uppercase\">haute-saison &#8211; <strong>$60.00<\/strong><\/h5>\n<\/div>\n<\/div>\n\n\n\n<div class=\"wp-block-group\"><div class=\"wp-block-group__inner-container is-layout-constrained wp-block-group-is-layout-constrained\">\n<div style=\"height:15px\" aria-hidden=\"true\" class=\"wp-block-spacer\"><\/div>\n\n\n\n<hr class=\"wp-block-separator has-alpha-channel-opacity\"\/>\n\n\n\n<div style=\"height:35px\" aria-hidden=\"true\" class=\"wp-block-spacer\"><\/div>\n<\/div><\/div>\n\n\n\n<div class=\"wp-block-columns are-vertically-aligned-center is-layout-flex wp-container-core-columns-is-layout-9d6595d7 wp-block-columns-is-layout-flex\">\n<div class=\"wp-block-column is-vertically-aligned-center is-layout-flow wp-block-column-is-layout-flow\">\n<h4 class=\"wp-block-heading\"><strong><strong>Terrain 2 services<\/strong><\/strong>                      (20-30 Amp.)<\/h4>\n<\/div>\n\n\n\n<div class=\"wp-block-column is-vertically-aligned-center is-layout-flow wp-block-column-is-layout-flow\">\n<h5 class=\"wp-block-heading has-black-color has-text-color has-link-color wp-elements-d947eaf9d39f739387b66e05b62c99b9\" style=\"text-transform:uppercase\">Basse-saison &#8211; <strong>$40.00<\/strong><\/h5>\n<\/div>\n\n\n\n<div class=\"wp-block-column is-vertically-aligned-center is-layout-flow wp-block-column-is-layout-flow\">\n<h5 class=\"wp-block-heading has-black-color has-text-color has-link-color wp-elements-e8793a705a37da2c4158c03beef4efc7\" style=\"text-transform:uppercase\">haute-saison &#8211; <strong>$63.00<\/strong><\/h5>\n<\/div>\n<\/div>\n\n\n\n<div class=\"wp-block-group\"><div class=\"wp-block-group__inner-container is-layout-constrained wp-block-group-is-layout-constrained\">\n<div style=\"height:15px\" aria-hidden=\"true\" class=\"wp-block-spacer\"><\/div>\n\n\n\n<hr class=\"wp-block-separator has-alpha-channel-opacity\"\/>\n\n\n\n<div style=\"height:35px\" aria-hidden=\"true\" class=\"wp-block-spacer\"><\/div>\n<\/div><\/div>\n\n\n\n<div class=\"wp-block-columns are-vertically-aligned-center is-layout-flex wp-container-core-columns-is-layout-9d6595d7 wp-block-columns-is-layout-flex\">\n<div class=\"wp-block-column is-vertically-aligned-center is-layout-flow wp-block-column-is-layout-flow\">\n<h4 class=\"wp-block-heading\"><strong><strong>Terrain 3 services (30 Amp.)<\/strong><\/strong><\/h4>\n<\/div>\n\n\n\n<div class=\"wp-block-column is-vertically-aligned-center is-layout-flow wp-block-column-is-layout-flow\">\n<h5 class=\"wp-block-heading has-black-color has-text-color has-link-color wp-elements-54c4fc1d41d7f9b25ae09ae5feb179f8\" style=\"text-transform:uppercase\">basse-saison <strong>$45.00<\/strong><\/h5>\n<\/div>\n\n\n\n<div class=\"wp-block-column is-vertically-aligned-center is-layout-flow wp-block-column-is-layout-flow\">\n<h5 class=\"wp-block-heading has-black-color has-text-color has-link-color wp-elements-82ba8b6e0fbfe3ef7897958a4ae3bb6a\" style=\"text-transform:uppercase\">haute saison- <strong>$68.00<\/strong><\/h5>\n<\/div>\n<\/div>\n\n\n\n<div class=\"wp-block-group\"><div class=\"wp-block-group__inner-container is-layout-constrained wp-block-group-is-layout-constrained\">\n<div style=\"height:15px\" aria-hidden=\"true\" class=\"wp-block-spacer\"><\/div>\n\n\n\n<hr class=\"wp-block-separator has-alpha-channel-opacity\"\/>\n\n\n\n<div style=\"height:35px\" aria-hidden=\"true\" class=\"wp-block-spacer\"><\/div>\n<\/div><\/div>\n\n\n\n<div class=\"wp-block-columns are-vertically-aligned-center is-layout-flex wp-container-core-columns-is-layout-9d6595d7 wp-block-columns-is-layout-flex\">\n<div class=\"wp-block-column is-vertically-aligned-center is-layout-flow wp-block-column-is-layout-flow\">\n<h4 class=\"wp-block-heading\"><strong><strong>Pull-through &#8211; 3 services           (50 Amp.)<\/strong><\/strong><\/h4>\n<\/div>\n\n\n\n<div class=\"wp-block-column is-vertically-aligned-center is-layout-flow wp-block-column-is-layout-flow\">\n<h5 class=\"wp-block-heading has-black-color has-text-color has-link-color wp-elements-d02a81dfc9a28797fbc09dff58c13e28\" style=\"text-transform:uppercase\">basse-saison- <strong>$50.00<\/strong><\/h5>\n<\/div>\n\n\n\n<div class=\"wp-block-column is-vertically-aligned-center is-layout-flow wp-block-column-is-layout-flow\">\n<h5 class=\"wp-block-heading has-black-color has-text-color has-link-color wp-elements-59c82e2cef724685e4757962fa5ae083\" style=\"text-transform:uppercase\">haute-saison &#8211; <strong>$75.00<\/strong><\/h5>\n<\/div>\n<\/div>\n\n\n\n<div class=\"wp-block-group\"><div class=\"wp-block-group__inner-container is-layout-constrained wp-block-group-is-layout-constrained\">\n<div style=\"height:15px\" aria-hidden=\"true\" class=\"wp-block-spacer\"><\/div>\n\n\n\n<hr class=\"wp-block-separator has-alpha-channel-opacity\"\/>\n\n\n\n<div style=\"height:35px\" aria-hidden=\"true\" class=\"wp-block-spacer\"><\/div>\n<\/div><\/div>\n\n\n\n<div class=\"wp-block-columns is-layout-flex wp-container-core-columns-is-layout-9d6595d7 wp-block-columns-is-layout-flex\">\n<div class=\"wp-block-column is-layout-flow wp-block-column-is-layout-flow\" style=\"flex-basis:66.66%\">\n<h4 class=\"wp-block-heading\"><strong>Chaque personne additionnelle<\/strong><\/h4>\n<\/div>\n\n\n\n<div class=\"wp-block-column is-layout-flow wp-block-column-is-layout-flow\" style=\"flex-basis:33.33%\">\n<h5 class=\"wp-block-heading has-black-color has-text-color\"><strong>$8 +tx<\/strong><\/h5>\n<\/div>\n<\/div>\n\n\n\n<div style=\"height:35px\" aria-hidden=\"true\" class=\"wp-block-spacer\"><\/div>\n\n\n\n<div class=\"wp-block-buttons is-layout-flex wp-block-buttons-is-layout-flex\">\n<div class=\"wp-block-button aligncenter\"><a class=\"wp-block-button__link wp-element-button\" href=\"https:\/\/reservationpleinair.ca\/paradis-montagne\/fr\/reservation\" target=\"_blank\" rel=\"noreferrer noopener\">R\u00e9servez  Maintenant <\/a><\/div>\n<\/div>\n\n\n\n<div style=\"height:35px\" aria-hidden=\"true\" class=\"wp-block-spacer\"><\/div>\n\n\n\n<div class=\"wp-block-columns are-vertically-aligned-center is-layout-flex wp-container-core-columns-is-layout-9d6595d7 wp-block-columns-is-layout-flex\">\n<div class=\"wp-block-column is-vertically-aligned-center is-layout-flow wp-block-column-is-layout-flow\" style=\"flex-basis:33.33%\">\n<h3 class=\"wp-block-heading has-text-align-center\">Si vous louez pour une semaine, le 7e soir est gratuit.<\/h3>\n<\/div>\n\n\n\n<div class=\"wp-block-column is-vertically-aligned-center is-layout-flow wp-block-column-is-layout-flow\" style=\"flex-basis:66.66%\">\n<figure class=\"wp-block-gallery has-nested-images columns-3 is-cropped wp-block-gallery-1 is-layout-flex wp-block-gallery-is-layout-flex\">\n<figure class=\"wp-block-image size-large\"><a href=\"https:\/\/paradis.nb.ca\/wp-content\/uploads\/2022\/05\/IMG_1057.jpg\"><img decoding=\"async\" width=\"960\" height=\"720\" data-id=\"336\" src=\"https:\/\/paradis.nb.ca\/wp-content\/uploads\/2022\/05\/IMG_1057.jpg\" alt=\"\" class=\"wp-image-336\" srcset=\"https:\/\/paradis.nb.ca\/wp-content\/uploads\/2022\/05\/IMG_1057.jpg 960w, https:\/\/paradis.nb.ca\/wp-content\/uploads\/2022\/05\/IMG_1057-300x225.jpg 300w, https:\/\/paradis.nb.ca\/wp-content\/uploads\/2022\/05\/IMG_1057-768x576.jpg 768w, https:\/\/paradis.nb.ca\/wp-content\/uploads\/2022\/05\/IMG_1057-174x131.jpg 174w\" sizes=\"(max-width: 960px) 100vw, 960px\" \/><\/a><\/figure>\n\n\n\n<figure class=\"wp-block-image size-large\"><a href=\"https:\/\/paradis.nb.ca\/wp-content\/uploads\/2024\/04\/camping-17.jpg\"><img decoding=\"async\" width=\"906\" height=\"1024\" data-id=\"1547\" src=\"https:\/\/paradis.nb.ca\/wp-content\/uploads\/2024\/04\/camping-17-906x1024.jpg\" alt=\"\" class=\"wp-image-1547\" srcset=\"https:\/\/paradis.nb.ca\/wp-content\/uploads\/2024\/04\/camping-17-906x1024.jpg 906w, https:\/\/paradis.nb.ca\/wp-content\/uploads\/2024\/04\/camping-17-265x300.jpg 265w, https:\/\/paradis.nb.ca\/wp-content\/uploads\/2024\/04\/camping-17-768x868.jpg 768w, https:\/\/paradis.nb.ca\/wp-content\/uploads\/2024\/04\/camping-17-174x197.jpg 174w, https:\/\/paradis.nb.ca\/wp-content\/uploads\/2024\/04\/camping-17.jpg 1079w\" sizes=\"(max-width: 906px) 100vw, 906px\" \/><\/a><\/figure>\n\n\n\n<figure class=\"wp-block-image size-large\"><a href=\"https:\/\/paradis.nb.ca\/wp-content\/uploads\/2024\/04\/IMG_1576-rotated.jpg\"><img decoding=\"async\" width=\"768\" height=\"1024\" data-id=\"1545\" src=\"https:\/\/paradis.nb.ca\/wp-content\/uploads\/2024\/04\/IMG_1576-768x1024.jpg\" alt=\"\" class=\"wp-image-1545\" srcset=\"https:\/\/paradis.nb.ca\/wp-content\/uploads\/2024\/04\/IMG_1576-768x1024.jpg 768w, https:\/\/paradis.nb.ca\/wp-content\/uploads\/2024\/04\/IMG_1576-225x300.jpg 225w, https:\/\/paradis.nb.ca\/wp-content\/uploads\/2024\/04\/IMG_1576-1152x1536.jpg 1152w, https:\/\/paradis.nb.ca\/wp-content\/uploads\/2024\/04\/IMG_1576-1440x1920.jpg 1440w, https:\/\/paradis.nb.ca\/wp-content\/uploads\/2024\/04\/IMG_1576-174x232.jpg 174w, https:\/\/paradis.nb.ca\/wp-content\/uploads\/2024\/04\/IMG_1576-rotated.jpg 1512w\" sizes=\"(max-width: 768px) 100vw, 768px\" \/><\/a><\/figure>\n<\/figure>\n<\/div>\n<\/div>\n\n\n\n<div style=\"height:35px\" aria-hidden=\"true\" class=\"wp-block-spacer\"><\/div>\n\n\n\n<hr class=\"wp-block-separator has-css-opacity\"\/>\n\n\n\n<div style=\"height:13px\" aria-hidden=\"true\" class=\"wp-block-spacer\"><\/div>\n\n\n\n<p><em>* <em>Votre num\u00e9ro de carte de cr\u00e9dit est n\u00e9cessaire pour faire la r\u00e9servation.<\/em><\/em><\/p>\n\n\n\n<p><em>** Les annulations faites 72 heures avant l\u2019arriv\u00e9e entra\u00eeneront des frais d\u2019annulation de $15+taxes.<\/em><\/p>\n\n\n\n<p>*** <em>Les annulations effectu\u00e9es moins de 72 heures avant l\u2019arriv\u00e9e entra\u00eeneront des frais d\u2019une nuit.<\/em><\/p>\n<\/div>\n<\/div>\n\n\n\n<div class=\"wp-block-columns are-vertically-aligned-center is-layout-flex wp-container-core-columns-is-layout-9d6595d7 wp-block-columns-is-layout-flex\">\n<div class=\"wp-block-column is-vertically-aligned-center is-layout-flow wp-block-column-is-layout-flow\" style=\"flex-basis:100%\"><\/div>\n<\/div>\n","protected":false},"excerpt":{"rendered":"<p>Les passes pour la plage sont comprises.Maximum de 4 personnes par terrains. TARIFS SAISON- BASSE &#8211; 15 mai au 17 juin et du 2 au 13 septembre. (plage et cantine ferm\u00e9e). SAISON- HAUTE- &#8211; 18 juin au 1er septembre. Terrain sans services basse saison &#8211; $35.00 haute-saison &#8211; $60.00 Terrain 2 services (20-30 Amp.) Basse-saison [&hellip;]<\/p>\n","protected":false},"author":2,"featured_media":0,"parent":0,"menu_order":0,"comment_status":"closed","ping_status":"closed","template":"","meta":{"inline_featured_image":false,"footnotes":""},"class_list":["post-124","page","type-page","status-publish","hentry"],"acf":[],"yoast_head":"<!-- This site is optimized with the Yoast SEO plugin v19.3 - https:\/\/yoast.com\/wordpress\/plugins\/seo\/ -->\n<title>Camping | Paradis de la Petite Montagne | New Brunswick<\/title>\n<meta name=\"description\" content=\"Le Paradis de la P\u2019tite Montagne est l\u2019endroit id\u00e9al pour s\u2019amuser en famille! Profitez d\u2019une raffraichissante baignade et amusez-vous dans nos deux nouvelles glissades d\u2019eau. Les enfants auront du plaisir dans notre nouveau terrain de jeu en forme de b\u00e2teau pirates. Les petits comme les grands trouvent de quoi se divertir dans sa grange d\u2019activit\u00e9s.\" \/>\n<meta name=\"robots\" content=\"index, follow, max-snippet:-1, max-image-preview:large, max-video-preview:-1\" \/>\n<link rel=\"canonical\" href=\"https:\/\/paradis.nb.ca\/fr\/camping\/\" \/>\n<meta property=\"og:locale\" content=\"fr_FR\" \/>\n<meta property=\"og:type\" content=\"article\" \/>\n<meta property=\"og:title\" content=\"Camping | Paradis de la Petite Montagne | New Brunswick\" \/>\n<meta property=\"og:description\" content=\"Le Paradis de la P\u2019tite Montagne est l\u2019endroit id\u00e9al pour s\u2019amuser en famille! Profitez d\u2019une raffraichissante baignade et amusez-vous dans nos deux nouvelles glissades d\u2019eau. Les enfants auront du plaisir dans notre nouveau terrain de jeu en forme de b\u00e2teau pirates. Les petits comme les grands trouvent de quoi se divertir dans sa grange d\u2019activit\u00e9s.\" \/>\n<meta property=\"og:url\" content=\"https:\/\/paradis.nb.ca\/fr\/camping\/\" \/>\n<meta property=\"og:site_name\" content=\"Paradis de la Petite Montagne | New Brunswick\" \/>\n<meta property=\"article:publisher\" content=\"https:\/\/www.facebook.com\/Paradis-de-la-petite-montagne-101761615877149\/\" \/>\n<meta property=\"article:modified_time\" content=\"2026-02-04T20:14:46+00:00\" \/>\n<meta property=\"og:image\" content=\"https:\/\/paradis.nb.ca\/wp-content\/uploads\/2022\/05\/IMG_1057.jpg\" \/>\n<meta name=\"twitter:card\" content=\"summary_large_image\" \/>\n<meta name=\"twitter:label1\" content=\"Dur\u00e9e de lecture estim\u00e9e\" \/>\n\t<meta name=\"twitter:data1\" content=\"1 minute\" \/>\n<script type=\"application\/ld+json\" class=\"yoast-schema-graph\">{\"@context\":\"https:\/\/schema.org\",\"@graph\":[{\"@type\":\"Organization\",\"@id\":\"https:\/\/paradis.nb.ca\/#organization\",\"name\":\"Paradis de la Petite Montagne\",\"url\":\"https:\/\/paradis.nb.ca\/\",\"sameAs\":[\"https:\/\/www.instagram.com\/Paradise_Mountain_Camping\/\",\"https:\/\/www.facebook.com\/Paradis-de-la-petite-montagne-101761615877149\/\"],\"logo\":{\"@type\":\"ImageObject\",\"inLanguage\":\"fr-FR\",\"@id\":\"https:\/\/paradis.nb.ca\/#\/schema\/logo\/image\/\",\"url\":\"https:\/\/paradis.nb.ca\/wp-content\/uploads\/2022\/07\/ParadisLogo.png\",\"contentUrl\":\"https:\/\/paradis.nb.ca\/wp-content\/uploads\/2022\/07\/ParadisLogo.png\",\"width\":1024,\"height\":1084,\"caption\":\"Paradis de la Petite Montagne\"},\"image\":{\"@id\":\"https:\/\/paradis.nb.ca\/#\/schema\/logo\/image\/\"}},{\"@type\":\"WebSite\",\"@id\":\"https:\/\/paradis.nb.ca\/#website\",\"url\":\"https:\/\/paradis.nb.ca\/\",\"name\":\"Paradis de la Petite Montagne | New Brunswick\",\"description\":\"Sites de camping invitants et paysages spectaculaires. | Camping sites with amenities and stunning scenery.\",\"publisher\":{\"@id\":\"https:\/\/paradis.nb.ca\/#organization\"},\"potentialAction\":[{\"@type\":\"SearchAction\",\"target\":{\"@type\":\"EntryPoint\",\"urlTemplate\":\"https:\/\/paradis.nb.ca\/?s={search_term_string}\"},\"query-input\":\"required name=search_term_string\"}],\"inLanguage\":\"fr-FR\"},{\"@type\":\"ImageObject\",\"inLanguage\":\"fr-FR\",\"@id\":\"https:\/\/paradis.nb.ca\/fr\/camping\/#primaryimage\",\"url\":\"https:\/\/paradis.nb.ca\/wp-content\/uploads\/2022\/05\/IMG_1057.jpg\",\"contentUrl\":\"https:\/\/paradis.nb.ca\/wp-content\/uploads\/2022\/05\/IMG_1057.jpg\",\"width\":960,\"height\":720},{\"@type\":\"WebPage\",\"@id\":\"https:\/\/paradis.nb.ca\/fr\/camping\/\",\"url\":\"https:\/\/paradis.nb.ca\/fr\/camping\/\",\"name\":\"Camping | Paradis de la Petite Montagne | New Brunswick\",\"isPartOf\":{\"@id\":\"https:\/\/paradis.nb.ca\/#website\"},\"primaryImageOfPage\":{\"@id\":\"https:\/\/paradis.nb.ca\/fr\/camping\/#primaryimage\"},\"datePublished\":\"2022-05-02T13:30:13+00:00\",\"dateModified\":\"2026-02-04T20:14:46+00:00\",\"description\":\"Le Paradis de la P\u2019tite Montagne est l\u2019endroit id\u00e9al pour s\u2019amuser en famille! Profitez d\u2019une raffraichissante baignade et amusez-vous dans nos deux nouvelles glissades d\u2019eau. Les enfants auront du plaisir dans notre nouveau terrain de jeu en forme de b\u00e2teau pirates. Les petits comme les grands trouvent de quoi se divertir dans sa grange d\u2019activit\u00e9s.\",\"breadcrumb\":{\"@id\":\"https:\/\/paradis.nb.ca\/fr\/camping\/#breadcrumb\"},\"inLanguage\":\"fr-FR\",\"potentialAction\":[{\"@type\":\"ReadAction\",\"target\":[\"https:\/\/paradis.nb.ca\/fr\/camping\/\"]}]},{\"@type\":\"BreadcrumbList\",\"@id\":\"https:\/\/paradis.nb.ca\/fr\/camping\/#breadcrumb\",\"itemListElement\":[{\"@type\":\"ListItem\",\"position\":1,\"name\":\"Home\",\"item\":\"https:\/\/paradis.nb.ca\/fr\/\"},{\"@type\":\"ListItem\",\"position\":2,\"name\":\"Camping\"}]}]}<\/script>\n<!-- \/ Yoast SEO plugin. -->","yoast_head_json":{"title":"Camping | Paradis de la Petite Montagne | New Brunswick","description":"Le Paradis de la P\u2019tite Montagne est l\u2019endroit id\u00e9al pour s\u2019amuser en famille! Profitez d\u2019une raffraichissante baignade et amusez-vous dans nos deux nouvelles glissades d\u2019eau. Les enfants auront du plaisir dans notre nouveau terrain de jeu en forme de b\u00e2teau pirates. Les petits comme les grands trouvent de quoi se divertir dans sa grange d\u2019activit\u00e9s.","robots":{"index":"index","follow":"follow","max-snippet":"max-snippet:-1","max-image-preview":"max-image-preview:large","max-video-preview":"max-video-preview:-1"},"canonical":"https:\/\/paradis.nb.ca\/fr\/camping\/","og_locale":"fr_FR","og_type":"article","og_title":"Camping | Paradis de la Petite Montagne | New Brunswick","og_description":"Le Paradis de la P\u2019tite Montagne est l\u2019endroit id\u00e9al pour s\u2019amuser en famille! Profitez d\u2019une raffraichissante baignade et amusez-vous dans nos deux nouvelles glissades d\u2019eau. Les enfants auront du plaisir dans notre nouveau terrain de jeu en forme de b\u00e2teau pirates. Les petits comme les grands trouvent de quoi se divertir dans sa grange d\u2019activit\u00e9s.","og_url":"https:\/\/paradis.nb.ca\/fr\/camping\/","og_site_name":"Paradis de la Petite Montagne | New Brunswick","article_publisher":"https:\/\/www.facebook.com\/Paradis-de-la-petite-montagne-101761615877149\/","article_modified_time":"2026-02-04T20:14:46+00:00","og_image":[{"url":"https:\/\/paradis.nb.ca\/wp-content\/uploads\/2022\/05\/IMG_1057.jpg"}],"twitter_card":"summary_large_image","twitter_misc":{"Dur\u00e9e de lecture estim\u00e9e":"1 minute"},"schema":{"@context":"https:\/\/schema.org","@graph":[{"@type":"Organization","@id":"https:\/\/paradis.nb.ca\/#organization","name":"Paradis de la Petite Montagne","url":"https:\/\/paradis.nb.ca\/","sameAs":["https:\/\/www.instagram.com\/Paradise_Mountain_Camping\/","https:\/\/www.facebook.com\/Paradis-de-la-petite-montagne-101761615877149\/"],"logo":{"@type":"ImageObject","inLanguage":"fr-FR","@id":"https:\/\/paradis.nb.ca\/#\/schema\/logo\/image\/","url":"https:\/\/paradis.nb.ca\/wp-content\/uploads\/2022\/07\/ParadisLogo.png","contentUrl":"https:\/\/paradis.nb.ca\/wp-content\/uploads\/2022\/07\/ParadisLogo.png","width":1024,"height":1084,"caption":"Paradis de la Petite Montagne"},"image":{"@id":"https:\/\/paradis.nb.ca\/#\/schema\/logo\/image\/"}},{"@type":"WebSite","@id":"https:\/\/paradis.nb.ca\/#website","url":"https:\/\/paradis.nb.ca\/","name":"Paradis de la Petite Montagne | New Brunswick","description":"Sites de camping invitants et paysages spectaculaires. | Camping sites with amenities and stunning scenery.","publisher":{"@id":"https:\/\/paradis.nb.ca\/#organization"},"potentialAction":[{"@type":"SearchAction","target":{"@type":"EntryPoint","urlTemplate":"https:\/\/paradis.nb.ca\/?s={search_term_string}"},"query-input":"required name=search_term_string"}],"inLanguage":"fr-FR"},{"@type":"ImageObject","inLanguage":"fr-FR","@id":"https:\/\/paradis.nb.ca\/fr\/camping\/#primaryimage","url":"https:\/\/paradis.nb.ca\/wp-content\/uploads\/2022\/05\/IMG_1057.jpg","contentUrl":"https:\/\/paradis.nb.ca\/wp-content\/uploads\/2022\/05\/IMG_1057.jpg","width":960,"height":720},{"@type":"WebPage","@id":"https:\/\/paradis.nb.ca\/fr\/camping\/","url":"https:\/\/paradis.nb.ca\/fr\/camping\/","name":"Camping | Paradis de la Petite Montagne | New Brunswick","isPartOf":{"@id":"https:\/\/paradis.nb.ca\/#website"},"primaryImageOfPage":{"@id":"https:\/\/paradis.nb.ca\/fr\/camping\/#primaryimage"},"datePublished":"2022-05-02T13:30:13+00:00","dateModified":"2026-02-04T20:14:46+00:00","description":"Le Paradis de la P\u2019tite Montagne est l\u2019endroit id\u00e9al pour s\u2019amuser en famille! Profitez d\u2019une raffraichissante baignade et amusez-vous dans nos deux nouvelles glissades d\u2019eau. Les enfants auront du plaisir dans notre nouveau terrain de jeu en forme de b\u00e2teau pirates. Les petits comme les grands trouvent de quoi se divertir dans sa grange d\u2019activit\u00e9s.","breadcrumb":{"@id":"https:\/\/paradis.nb.ca\/fr\/camping\/#breadcrumb"},"inLanguage":"fr-FR","potentialAction":[{"@type":"ReadAction","target":["https:\/\/paradis.nb.ca\/fr\/camping\/"]}]},{"@type":"BreadcrumbList","@id":"https:\/\/paradis.nb.ca\/fr\/camping\/#breadcrumb","itemListElement":[{"@type":"ListItem","position":1,"name":"Home","item":"https:\/\/paradis.nb.ca\/fr\/"},{"@type":"ListItem","position":2,"name":"Camping"}]}]}},"_links":{"self":[{"href":"https:\/\/paradis.nb.ca\/fr\/wp-json\/wp\/v2\/pages\/124","targetHints":{"allow":["GET"]}}],"collection":[{"href":"https:\/\/paradis.nb.ca\/fr\/wp-json\/wp\/v2\/pages"}],"about":[{"href":"https:\/\/paradis.nb.ca\/fr\/wp-json\/wp\/v2\/types\/page"}],"author":[{"embeddable":true,"href":"https:\/\/paradis.nb.ca\/fr\/wp-json\/wp\/v2\/users\/2"}],"replies":[{"embeddable":true,"href":"https:\/\/paradis.nb.ca\/fr\/wp-json\/wp\/v2\/comments?post=124"}],"version-history":[{"count":90,"href":"https:\/\/paradis.nb.ca\/fr\/wp-json\/wp\/v2\/pages\/124\/revisions"}],"predecessor-version":[{"id":1837,"href":"https:\/\/paradis.nb.ca\/fr\/wp-json\/wp\/v2\/pages\/124\/revisions\/1837"}],"wp:attachment":[{"href":"https:\/\/paradis.nb.ca\/fr\/wp-json\/wp\/v2\/media?parent=124"}],"curies":[{"name":"wp","href":"https:\/\/api.w.org\/{rel}","templated":true}]}}